{"id":3,"date":"2019-07-24T13:49:29","date_gmt":"2019-07-24T11:49:29","guid":{"rendered":"http:\/\/kulumanzi.de\/?page_id=3"},"modified":"2025-04-27T13:47:36","modified_gmt":"2025-04-27T11:47:36","slug":"impressum","status":"publish","type":"page","link":"https:\/\/kulumanzi.de\/en\/impressum\/","title":{"rendered":"Impressum"},"content":{"rendered":"\n<p><strong>Angaben gem\u00e4\u00df \u00a7 5 TMG<\/strong><\/p>\n\n\n\n<p>Kulu Manzi<br>c\/o Jan-Peter V\u00e4thjunker\u00a0<br>Mudersbacher Str. 39<br>51109 K\u00f6ln\u00a0<\/p>\n\n\n\n<p><strong>Vertreten durch:<\/strong><br>Jan-Peter V\u00e4thjunker<br>Judith Ebbinghaus<\/p>\n\n\n\n<p><strong>Kontakt:<\/strong>&nbsp;<br>Telefon: 0151-50637108<br>E-Mail:&nbsp;<a href=\"mailto:jan.vaethjunker@gmx.de\">jan.vaethjunker@gmx.de<\/a><\/p>\n\n\n\n<p><strong>Steuernummer:<\/strong><br>216\/5738\/2238<\/p>\n\n\n\n<p><strong>Verantwortlich f\u00fcr den Inhalt nach \u00a7 55 Abs. 2 RStV:<\/strong><br>Jan-Peter V\u00e4thjunker\u00a0<br>Mudersbacher Str. 39<br>51109 K\u00f6ln\u00a0<br><\/p>\n\n\n\n<p><strong>Haftungsausschluss:&nbsp;<\/strong><br><br><strong>Haftung f\u00fcr Inhalte<\/strong><br><br>Die Inhalte unserer Seiten wurden mit gr\u00f6\u00dfter Sorgfalt erstellt. F\u00fcr die Richtigkeit, Vollst\u00e4ndigkeit und Aktualit\u00e4t der Inhalte k\u00f6nnen wir jedoch keine Gew\u00e4hr \u00fcbernehmen. Als Diensteanbieter sind wir gem\u00e4\u00df \u00a7 7 Abs.1 TMG f\u00fcr eigene Inhalte auf diesen Seiten nach den allgemeinen Gesetzen verantwortlich. Nach \u00a7\u00a7 8 bis 10 TMG sind wir als Diensteanbieter jedoch nicht verpflichtet, \u00fcbermittelte oder gespeicherte fremde Informationen zu \u00fcberwachen oder nach Umst\u00e4nden zu forschen, die auf eine rechtswidrige T\u00e4tigkeit hinweisen. Verpflichtungen zur Entfernung oder Sperrung der Nutzung von Informationen nach den allgemeinen Gesetzen bleiben hiervon unber\u00fchrt. Eine diesbez\u00fcgliche Haftung ist jedoch erst ab dem Zeitpunkt der Kenntnis einer konkreten Rechtsverletzung m\u00f6glich. Bei Bekanntwerden von entsprechenden Rechtsverletzungen werden wir diese Inhalte umgehend entfernen.<br><br><strong>Haftung f\u00fcr Links<\/strong><br><br>Unser Angebot enth\u00e4lt Links zu externen Webseiten Dritter, auf deren Inhalte wir keinen Einfluss haben. Deshalb k\u00f6nnen wir f\u00fcr diese fremden Inhalte auch keine Gew\u00e4hr \u00fcbernehmen. F\u00fcr die Inhalte der verlinkten Seiten ist stets der jeweilige Anbieter oder Betreiber der Seiten verantwortlich. Die verlinkten Seiten wurden zum Zeitpunkt der Verlinkung auf m\u00f6gliche Rechtsverst\u00f6\u00dfe \u00fcberpr\u00fcft. Rechtswidrige Inhalte waren zum Zeitpunkt der Verlinkung nicht erkennbar. Eine permanente inhaltliche Kontrolle der verlinkten Seiten ist jedoch ohne konkrete Anhaltspunkte einer Rechtsverletzung nicht zumutbar. Bei Bekanntwerden von Rechtsverletzungen werden wir derartige Links umgehend entfernen.<br><br><strong>Urheberrecht<\/strong><br><br>Die durch die Seitenbetreiber erstellten Inhalte und Werke auf diesen Seiten unterliegen dem deutschen Urheberrecht. Die Vervielf\u00e4ltigung, Bearbeitung, Verbreitung und jede Art der Verwertung au\u00dferhalb der Grenzen des Urheberrechtes bed\u00fcrfen der schriftlichen Zustimmung des jeweiligen Autors bzw. Erstellers. Downloads und Kopien dieser Seite sind nur f\u00fcr den privaten, nicht kommerziellen Gebrauch gestattet. Soweit die Inhalte auf dieser Seite nicht vom Betreiber erstellt wurden, werden die Urheberrechte Dritter beachtet. Insbesondere werden Inhalte Dritter als solche gekennzeichnet. Sollten Sie trotzdem auf eine Urheberrechtsverletzung aufmerksam werden, bitten wir um einen entsprechenden Hinweis. Bei Bekanntwerden von Rechtsverletzungen werden wir derartige Inhalte umgehend entfernen.<\/p>\n\n\n\n<p><strong>Cookies<\/strong><\/p>\n\n\n\n<p>Auf unserer Seite www.kulumanzi.de werden im Rahmen der Verwendung des Plugins &#8220;WPGlobus&#8221; Cookies gesetzt, die daf\u00fcr verwendet werden, um die Sprachauswahl der Nutzer:innen zu speichern und es diesen zu erm\u00f6glichen, auf die jeweils richtige Seite zu verlinken. Dar\u00fcber hinaus werden die Cookies dazu verwendet, um das Nutzerverhalten zu analysieren und unsere Webseite zu optimieren. In diesem Zuge wird getrackt, von welcher Quelle Besucher:innen die Seite aufrufen, welche Seiten aufgerufen und welche Links geklickt werden. Ebenfalls k\u00f6nnen R\u00fcckschl\u00fcsse auf das Herkunftsland der Nutzer:innen gezogen werden. Im Rahmen der Nutzung des Plugins &#8220;Limit Login Attempts Reloaded&#8221; werden IP-Adressen, die automatisiert zu h\u00e4ufig versuchen, sich in unserem Backend anzumelden, erfasst und f\u00fcr unsere Seite geblockt. <\/p>\n\n\n\n<p><br>Impressum auf Grundlage des&nbsp;<a href=\"https:\/\/www.impressum-generator.de\/\">Impressum Generator<\/a>&nbsp;der&nbsp;<a href=\"https:\/\/www.kanzlei-hasselbach.de\/standorte\/bonn\/\">Kanzlei Hasselbach, Bonn<\/a><\/p>\n\n\n\n<p>Die URL unserer Website lautet: http:\/\/kulumanzi.de.<\/p>\n","protected":false},"excerpt":{"rendered":"<p>Angaben gem\u00e4\u00df \u00a7 5 TMG Kulu Manzic\/o Jan-Peter V\u00e4thjunker\u00a0Mudersbacher Str. 3951109 K\u00f6ln\u00a0 Vertreten durch:Jan-Peter V\u00e4thjunkerJudith Ebbinghaus Kontakt:&nbsp;Telefon: 0151-50637108E-Mail:&nbsp;jan.vaethjunker@gmx.de Steuernummer:216\/5738\/2238 Verantwortlich f\u00fcr den Inhalt nach \u00a7 55 Abs. 2 RStV:Jan-Peter V\u00e4thjunker\u00a0Mudersbacher Str. 3951109 K\u00f6ln\u00a0 Haftungsausschluss:&nbsp; Haftung f\u00fcr Inhalte Die Inhalte unserer Seiten wurden mit gr\u00f6\u00dfter Sorgfalt erstellt. F\u00fcr die Richtigkeit, Vollst\u00e4ndigkeit und Aktualit\u00e4t der Inhalte k\u00f6nnen wir jedoch keine Gew\u00e4hr \u00fcbernehmen. Als Diensteanbieter sind wir gem\u00e4\u00df \u00a7 7 Abs.1 TMG f\u00fcr eigene Inhalte auf diesen Seiten nach den allgemeinen Gesetzen verantwortlich. Nach \u00a7\u00a7 8 bis 10 TMG sind wir als Diensteanbieter jedoch nicht verpflichtet, \u00fcbermittelte oder gespeicherte fremde Informationen zu \u00fcberwachen oder nach Umst\u00e4nden zu forschen, die auf eine rechtswidrige T\u00e4tigkeit hinweisen. Verpflichtungen zur Entfernung oder Sperrung der Nutzung von Informationen nach den allgemeinen Gesetzen bleiben hiervon unber\u00fchrt. Eine diesbez\u00fcgliche Haftung ist jedoch erst ab dem Zeitpunkt der Kenntnis einer konkreten Rechtsverletzung m\u00f6glich. Bei Bekanntwerden von entsprechenden Rechtsverletzungen werden wir diese Inhalte umgehend entfernen. Haftung f\u00fcr Links Unser Angebot enth\u00e4lt Links zu externen Webseiten Dritter, auf deren Inhalte wir keinen Einfluss haben. Deshalb k\u00f6nnen wir f\u00fcr diese fremden Inhalte auch keine Gew\u00e4hr \u00fcbernehmen. F\u00fcr die Inhalte der verlinkten Seiten ist stets der jeweilige Anbieter oder Betreiber der Seiten verantwortlich. Die verlinkten Seiten wurden zum Zeitpunkt der Verlinkung auf m\u00f6gliche Rechtsverst\u00f6\u00dfe \u00fcberpr\u00fcft. Rechtswidrige Inhalte waren zum Zeitpunkt der Verlinkung nicht erkennbar. Eine permanente inhaltliche Kontrolle der verlinkten Seiten ist jedoch ohne konkrete Anhaltspunkte einer Rechtsverletzung nicht zumutbar. Bei Bekanntwerden von Rechtsverletzungen werden wir derartige Links umgehend entfernen. Urheberrecht Die durch die Seitenbetreiber erstellten Inhalte und Werke auf diesen Seiten unterliegen dem deutschen Urheberrecht. Die Vervielf\u00e4ltigung, Bearbeitung, Verbreitung und jede Art der Verwertung au\u00dferhalb der Grenzen des Urheberrechtes bed\u00fcrfen der schriftlichen Zustimmung des jeweiligen Autors bzw. Erstellers. Downloads und Kopien dieser Seite sind nur f\u00fcr den privaten, nicht kommerziellen Gebrauch gestattet. Soweit die Inhalte auf dieser Seite nicht vom Betreiber erstellt wurden, werden die Urheberrechte Dritter beachtet. Insbesondere werden Inhalte Dritter als solche gekennzeichnet. Sollten Sie trotzdem auf eine Urheberrechtsverletzung aufmerksam werden, bitten wir um einen entsprechenden Hinweis. Bei Bekanntwerden von Rechtsverletzungen werden wir derartige Inhalte umgehend entfernen. Cookies Auf unserer Seite www.kulumanzi.de werden im Rahmen der Verwendung des Plugins &#8220;WPGlobus&#8221; Cookies gesetzt, die daf\u00fcr verwendet werden, um die Sprachauswahl der Nutzer:innen zu speichern und es diesen zu erm\u00f6glichen, auf die jeweils richtige Seite zu verlinken. Dar\u00fcber hinaus werden die Cookies dazu verwendet, um das Nutzerverhalten zu analysieren und unsere Webseite zu optimieren. In diesem Zuge wird getrackt, von welcher Quelle Besucher:innen die Seite aufrufen, welche Seiten aufgerufen und welche Links geklickt werden. Ebenfalls k\u00f6nnen R\u00fcckschl\u00fcsse auf das Herkunftsland der Nutzer:innen gezogen werden. Im Rahmen der Nutzung des Plugins &#8220;Limit Login Attempts Reloaded&#8221; werden IP-Adressen, die automatisiert zu h\u00e4ufig versuchen, sich in unserem Backend anzumelden, erfasst und f\u00fcr unsere Seite geblockt. Impressum auf Grundlage des&nbsp;Impressum Generator&nbsp;der&nbsp;Kanzlei Hasselbach, Bonn Die URL unserer Website lautet: http:\/\/kulumanzi.de.<\/p>\n","protected":false},"author":1,"featured_media":0,"parent":0,"menu_order":7,"comment_status":"closed","ping_status":"closed","template":"","meta":{"ngg_post_thumbnail":0,"footnotes":""},"class_list":["post-3","page","type-page","status-publish","hentry"],"translation":{"provider":"WPGlobus","version":"3.0.2","language":"en","enabled_languages":["de","en"],"languages":{"de":{"title":true,"content":true,"excerpt":false},"en":{"title":false,"content":false,"excerpt":false}}},"jetpack_likes_enabled":false,"jetpack_sharing_enabled":true,"_links":{"self":[{"href":"https:\/\/kulumanzi.de\/en\/wp-json\/wp\/v2\/pages\/3","targetHints":{"allow":["GET"]}}],"collection":[{"href":"https:\/\/kulumanzi.de\/en\/wp-json\/wp\/v2\/pages"}],"about":[{"href":"https:\/\/kulumanzi.de\/en\/wp-json\/wp\/v2\/types\/page"}],"author":[{"embeddable":true,"href":"https:\/\/kulumanzi.de\/en\/wp-json\/wp\/v2\/users\/1"}],"replies":[{"embeddable":true,"href":"https:\/\/kulumanzi.de\/en\/wp-json\/wp\/v2\/comments?post=3"}],"version-history":[{"count":23,"href":"https:\/\/kulumanzi.de\/en\/wp-json\/wp\/v2\/pages\/3\/revisions"}],"predecessor-version":[{"id":4418,"href":"https:\/\/kulumanzi.de\/en\/wp-json\/wp\/v2\/pages\/3\/revisions\/4418"}],"wp:attachment":[{"href":"https:\/\/kulumanzi.de\/en\/wp-json\/wp\/v2\/media?parent=3"}],"curies":[{"name":"wp","href":"https:\/\/api.w.org\/{rel}","templated":true}]}}